{"id":1743,"date":"2024-05-19T13:33:26","date_gmt":"2024-05-19T18:33:26","guid":{"rendered":"http:\/\/iestpatalaya.edu.pe\/?page_id=1743"},"modified":"2024-05-19T16:15:37","modified_gmt":"2024-05-19T21:15:37","slug":"donaciones","status":"publish","type":"page","link":"https:\/\/iestpatalaya.edu.pe\/?page_id=1743","title":{"rendered":"Donaciones"},"content":{"rendered":"\t\t<div data-elementor-type=\"wp-page\" data-elementor-id=\"1743\" class=\"elementor elementor-1743\" data-elementor-post-type=\"page\">\n\t\t\t\t\t\t<section class=\"elementor-section elementor-top-section elementor-element elementor-element-66468c20 elementor-section-height-min-height elementor-section-boxed elementor-section-height-default elementor-section-items-middle\" data-id=\"66468c20\" data-element_type=\"section\" data-e-type=\"section\" data-settings=\"{&quot;background_background&quot;:&quot;gradient&quot;,&quot;shape_divider_bottom&quot;:&quot;curve&quot;,&quot;shape_divider_bottom_negative&quot;:&quot;yes&quot;}\">\n\t\t\t\t\t<div class=\"elementor-shape elementor-shape-bottom\" aria-hidden=\"true\" data-negative=\"true\">\n\t\t\t<svg xmlns=\"http:\/\/www.w3.org\/2000\/svg\" viewBox=\"0 0 1000 100\" preserveAspectRatio=\"none\">\n\t<path class=\"elementor-shape-fill\" d=\"M500,97C126.7,96.3,0.8,19.8,0,0v100l1000,0V1C1000,19.4,873.3,97.8,500,97z\"\/>\n<\/svg>\t\t<\/div>\n\t\t\t\t\t<div class=\"elementor-container elementor-column-gap-default\">\n\t\t\t\t\t<div class=\"elementor-column elementor-col-50 elementor-top-column elementor-element elementor-element-33299aae\" data-id=\"33299aae\" data-element_type=\"column\" data-e-type=\"column\">\n\t\t\t<div class=\"elementor-widget-wrap elementor-element-populated\">\n\t\t\t\t\t\t<div class=\"elementor-element elementor-element-234e12b4 elementor-widget elementor-widget-elementskit-heading\" data-id=\"234e12b4\" data-element_type=\"widget\" data-e-type=\"widget\" data-widget_type=\"elementskit-heading.default\">\n\t\t\t\t<div class=\"elementor-widget-container\">\n\t\t\t\t\t<div class=\"ekit-wid-con\" ><div class=\"ekit-heading elementskit-section-title-wraper text_left   ekit_heading_tablet-   ekit_heading_mobile-\"><h2 class=\"ekit-heading--title elementskit-section-title \">Donaciones<\/h2>\t\t\t\t<div class='ekit-heading__description'>\n\t\t\t\t\t<p>Instituto de Educaci\u00f3n Superior Tecnol\u00f3gico P\u00fablico <strong>Atalaya<\/strong><\/p>\n\t\t\t\t<\/div>\n\t\t\t<\/div><\/div>\t\t\t\t<\/div>\n\t\t\t\t<\/div>\n\t\t\t\t\t<\/div>\n\t\t<\/div>\n\t\t\t\t<div class=\"elementor-column elementor-col-50 elementor-top-column elementor-element elementor-element-238b099d\" data-id=\"238b099d\" data-element_type=\"column\" data-e-type=\"column\">\n\t\t\t<div class=\"elementor-widget-wrap elementor-element-populated\">\n\t\t\t\t\t\t<div class=\"elementor-element elementor-element-f40e35b elementor-widget elementor-widget-image\" data-id=\"f40e35b\" data-element_type=\"widget\" data-e-type=\"widget\" data-widget_type=\"image.default\">\n\t\t\t\t<div class=\"elementor-widget-container\">\n\t\t\t\t\t\t\t\t\t\t\t\t\t\t\t<img fetchpriority=\"high\" decoding=\"async\" width=\"501\" height=\"426\" src=\"https:\/\/iestpatalaya.edu.pe\/wp-content\/uploads\/2024\/05\/img-titulo-donaciones.webp\" class=\"attachment-large size-large wp-image-1781\" alt=\"\" srcset=\"https:\/\/iestpatalaya.edu.pe\/wp-content\/uploads\/2024\/05\/img-titulo-donaciones.webp 501w, https:\/\/iestpatalaya.edu.pe\/wp-content\/uploads\/2024\/05\/img-titulo-donaciones-300x255.webp 300w\" sizes=\"(max-width: 501px) 100vw, 501px\" \/>\t\t\t\t\t\t\t\t\t\t\t\t\t\t\t<\/div>\n\t\t\t\t<\/div>\n\t\t\t\t\t<\/div>\n\t\t<\/div>\n\t\t\t\t\t<\/div>\n\t\t<\/section>\n\t\t\t\t<section class=\"elementor-section elementor-top-section elementor-element elementor-element-16081c8b elementor-section-boxed elementor-section-height-default elementor-section-height-default\" data-id=\"16081c8b\" data-element_type=\"section\" data-e-type=\"section\" data-settings=\"{&quot;background_background&quot;:&quot;classic&quot;}\">\n\t\t\t\t\t\t<div class=\"elementor-container elementor-column-gap-no\">\n\t\t\t\t\t<div class=\"elementor-column elementor-col-100 elementor-top-column elementor-element elementor-element-422e20a8\" data-id=\"422e20a8\" data-element_type=\"column\" data-e-type=\"column\" data-settings=\"{&quot;background_background&quot;:&quot;classic&quot;}\">\n\t\t\t<div class=\"elementor-widget-wrap elementor-element-populated\">\n\t\t\t\t\t\t<section class=\"elementor-section elementor-inner-section elementor-element elementor-element-6831d055 elementor-section-boxed elementor-section-height-default elementor-section-height-default\" data-id=\"6831d055\" data-element_type=\"section\" data-e-type=\"section\">\n\t\t\t\t\t\t<div class=\"elementor-container elementor-column-gap-default\">\n\t\t\t\t\t<div class=\"elementor-column elementor-col-100 elementor-inner-column elementor-element elementor-element-73ce91e\" data-id=\"73ce91e\" data-element_type=\"column\" data-e-type=\"column\">\n\t\t\t<div class=\"elementor-widget-wrap elementor-element-populated\">\n\t\t\t\t\t\t<div class=\"elementor-element elementor-element-312919b4 elementor-widget elementor-widget-elementskit-heading\" data-id=\"312919b4\" data-element_type=\"widget\" data-e-type=\"widget\" data-widget_type=\"elementskit-heading.default\">\n\t\t\t\t<div class=\"elementor-widget-container\">\n\t\t\t\t\t<div class=\"ekit-wid-con\" ><div class=\"ekit-heading elementskit-section-title-wraper text_center   ekit_heading_tablet-   ekit_heading_mobile-\"><h2 class=\"ekit-heading--title elementskit-section-title \">Es tu oportunidad de contribuir con la educaci\u00f3n superior de Atalaya<\/h2><\/div><\/div>\t\t\t\t<\/div>\n\t\t\t\t<\/div>\n\t\t\t\t\t<\/div>\n\t\t<\/div>\n\t\t\t\t\t<\/div>\n\t\t<\/section>\n\t\t\t\t<section class=\"elementor-section elementor-inner-section elementor-element elementor-element-4334795 elementor-section-boxed elementor-section-height-default elementor-section-height-default\" data-id=\"4334795\" data-element_type=\"section\" data-e-type=\"section\">\n\t\t\t\t\t\t<div class=\"elementor-container elementor-column-gap-default\">\n\t\t\t\t\t<div class=\"elementor-column elementor-col-33 elementor-inner-column elementor-element elementor-element-44d2574c\" data-id=\"44d2574c\" data-element_type=\"column\" data-e-type=\"column\">\n\t\t\t<div class=\"elementor-widget-wrap elementor-element-populated\">\n\t\t\t\t\t\t<div class=\"elementor-element elementor-element-f1f5a18 elementor-view-default elementor-widget elementor-widget-icon\" data-id=\"f1f5a18\" data-element_type=\"widget\" data-e-type=\"widget\" data-widget_type=\"icon.default\">\n\t\t\t\t<div class=\"elementor-widget-container\">\n\t\t\t\t\t\t\t<div class=\"elementor-icon-wrapper\">\n\t\t\t<div class=\"elementor-icon\">\n\t\t\t<i aria-hidden=\"true\" class=\"icon icon-dollar-bill\"><\/i>\t\t\t<\/div>\n\t\t<\/div>\n\t\t\t\t\t\t<\/div>\n\t\t\t\t<\/div>\n\t\t\t\t<div class=\"elementor-element elementor-element-78582832 elementor-widget elementor-widget-elementskit-heading\" data-id=\"78582832\" data-element_type=\"widget\" data-e-type=\"widget\" data-widget_type=\"elementskit-heading.default\">\n\t\t\t\t<div class=\"elementor-widget-container\">\n\t\t\t\t\t<div class=\"ekit-wid-con\" ><div class=\"ekit-heading elementskit-section-title-wraper text_center   ekit_heading_tablet-   ekit_heading_mobile-\"><h1 class=\"ekit-heading--title elementskit-section-title \">Donaci\u00f3n Econ\u00f3mica<\/h1>\t\t\t\t<div class='ekit-heading__description'>\n\t\t\t\t\t<p>CUENTA CORRIENTE N\u00b0: 00-513-000081 CCI N\u00b0: 018-513-000513000081-22 BANCO DE LA NACI\u00d3N<\/p>\n\t\t\t\t<\/div>\n\t\t\t<\/div><\/div>\t\t\t\t<\/div>\n\t\t\t\t<\/div>\n\t\t\t\t\t<\/div>\n\t\t<\/div>\n\t\t\t\t<div class=\"elementor-column elementor-col-33 elementor-inner-column elementor-element elementor-element-1d6160ae\" data-id=\"1d6160ae\" data-element_type=\"column\" data-e-type=\"column\">\n\t\t\t<div class=\"elementor-widget-wrap elementor-element-populated\">\n\t\t\t\t\t\t<div class=\"elementor-element elementor-element-2d8ea88 elementor-view-default elementor-widget elementor-widget-icon\" data-id=\"2d8ea88\" data-element_type=\"widget\" data-e-type=\"widget\" data-widget_type=\"icon.default\">\n\t\t\t\t<div class=\"elementor-widget-container\">\n\t\t\t\t\t\t\t<div class=\"elementor-icon-wrapper\">\n\t\t\t<div class=\"elementor-icon\">\n\t\t\t<svg aria-hidden=\"true\" class=\"e-font-icon-svg e-fas-carrot\" viewBox=\"0 0 512 512\" xmlns=\"http:\/\/www.w3.org\/2000\/svg\"><path d=\"M298.2 156.6c-52.7-25.7-114.5-10.5-150.2 32.8l55.2 55.2c6.3 6.3 6.3 16.4 0 22.6-3.1 3.1-7.2 4.7-11.3 4.7s-8.2-1.6-11.3-4.7L130.4 217 2.3 479.7c-2.9 6-3.1 13.3 0 19.7 5.4 11.1 18.9 15.7 30 10.3l133.6-65.2-49.2-49.2c-6.3-6.2-6.3-16.4 0-22.6 6.3-6.2 16.4-6.2 22.6 0l57 57 102-49.8c24-11.7 44.5-31.3 57.1-57.1 30.1-61.7 4.5-136.1-57.2-166.2zm92.1-34.9C409.8 81 399.7 32.9 360 0c-50.3 41.7-52.5 107.5-7.9 151.9l8 8c44.4 44.6 110.3 42.4 151.9-7.9-32.9-39.7-81-49.8-121.7-30.3z\"><\/path><\/svg>\t\t\t<\/div>\n\t\t<\/div>\n\t\t\t\t\t\t<\/div>\n\t\t\t\t<\/div>\n\t\t\t\t<div class=\"elementor-element elementor-element-364d168 elementor-widget elementor-widget-elementskit-heading\" data-id=\"364d168\" data-element_type=\"widget\" data-e-type=\"widget\" data-widget_type=\"elementskit-heading.default\">\n\t\t\t\t<div class=\"elementor-widget-container\">\n\t\t\t\t\t<div class=\"ekit-wid-con\" ><div class=\"ekit-heading elementskit-section-title-wraper text_center   ekit_heading_tablet-   ekit_heading_mobile-\"><h1 class=\"ekit-heading--title elementskit-section-title \">Donaci\u00f3n Alimentaria<\/h1>\t\t\t\t<div class='ekit-heading__description'>\n\t\t\t\t\t<p>CENTRO DE ACOPIO: I.E.S.T.P. ATALAYA JR. PASCUAL ALEGRE\/CAOBAS MZ 112 UCAYALI \u2013 ATALAYA \u2013 RAYMONDI<\/p>\n\t\t\t\t<\/div>\n\t\t\t<\/div><\/div>\t\t\t\t<\/div>\n\t\t\t\t<\/div>\n\t\t\t\t\t<\/div>\n\t\t<\/div>\n\t\t\t\t<div class=\"elementor-column elementor-col-33 elementor-inner-column elementor-element elementor-element-2ac47f27\" data-id=\"2ac47f27\" data-element_type=\"column\" data-e-type=\"column\">\n\t\t\t<div class=\"elementor-widget-wrap elementor-element-populated\">\n\t\t\t\t\t\t<div class=\"elementor-element elementor-element-2c3ebad elementor-view-default elementor-widget elementor-widget-icon\" data-id=\"2c3ebad\" data-element_type=\"widget\" data-e-type=\"widget\" data-widget_type=\"icon.default\">\n\t\t\t\t<div class=\"elementor-widget-container\">\n\t\t\t\t\t\t\t<div class=\"elementor-icon-wrapper\">\n\t\t\t<div class=\"elementor-icon\">\n\t\t\t<svg aria-hidden=\"true\" class=\"e-font-icon-svg e-fas-dolly\" viewBox=\"0 0 576 512\" xmlns=\"http:\/\/www.w3.org\/2000\/svg\"><path d=\"M294.2 277.7c18 5 34.7 13.4 49.5 24.7l161.5-53.8c8.4-2.8 12.9-11.9 10.1-20.2L454.9 47.2c-2.8-8.4-11.9-12.9-20.2-10.1l-61.1 20.4 33.1 99.4L346 177l-33.1-99.4-61.6 20.5c-8.4 2.8-12.9 11.9-10.1 20.2l53 159.4zm281 48.7L565 296c-2.8-8.4-11.9-12.9-20.2-10.1l-213.5 71.2c-17.2-22-43.6-36.4-73.5-37L158.4 21.9C154 8.8 141.8 0 128 0H16C7.2 0 0 7.2 0 16v32c0 8.8 7.2 16 16 16h88.9l92.2 276.7c-26.1 20.4-41.7 53.6-36 90.5 6.1 39.4 37.9 72.3 77.3 79.2 60.2 10.7 112.3-34.8 113.4-92.6l213.3-71.2c8.3-2.8 12.9-11.8 10.1-20.2zM256 464c-26.5 0-48-21.5-48-48s21.5-48 48-48 48 21.5 48 48-21.5 48-48 48z\"><\/path><\/svg>\t\t\t<\/div>\n\t\t<\/div>\n\t\t\t\t\t\t<\/div>\n\t\t\t\t<\/div>\n\t\t\t\t<div class=\"elementor-element elementor-element-d4ea5a3 elementor-widget elementor-widget-elementskit-heading\" data-id=\"d4ea5a3\" data-element_type=\"widget\" data-e-type=\"widget\" data-widget_type=\"elementskit-heading.default\">\n\t\t\t\t<div class=\"elementor-widget-container\">\n\t\t\t\t\t<div class=\"ekit-wid-con\" ><div class=\"ekit-heading elementskit-section-title-wraper text_center   ekit_heading_tablet-   ekit_heading_mobile-\"><h1 class=\"ekit-heading--title elementskit-section-title \">Donaci\u00f3n de Bienes<\/h1>\t\t\t\t<div class='ekit-heading__description'>\n\t\t\t\t\t<p>CENTRO DE ACOPIO: I.E.S.T.P. ATALAYA JR. PASCUAL ALEGRE\/CAOBAS MZ 112 UCAYALI \u2013 ATALAYA \u2013 RAYMONDI<\/p>\n\t\t\t\t<\/div>\n\t\t\t<\/div><\/div>\t\t\t\t<\/div>\n\t\t\t\t<\/div>\n\t\t\t\t\t<\/div>\n\t\t<\/div>\n\t\t\t\t\t<\/div>\n\t\t<\/section>\n\t\t\t\t\t<\/div>\n\t\t<\/div>\n\t\t\t\t\t<\/div>\n\t\t<\/section>\n\t\t\t\t<section class=\"elementor-section elementor-top-section elementor-element elementor-element-6fa945b2 elementor-hidden-phone elementor-section-boxed elementor-section-height-default elementor-section-height-default\" data-id=\"6fa945b2\" data-element_type=\"section\" data-e-type=\"section\">\n\t\t\t\t\t\t<div class=\"elementor-container elementor-column-gap-no\">\n\t\t\t\t\t<div class=\"elementor-column elementor-col-33 elementor-top-column elementor-element elementor-element-6802545c\" data-id=\"6802545c\" data-element_type=\"column\" data-e-type=\"column\">\n\t\t\t<div class=\"elementor-widget-wrap\">\n\t\t\t\t\t\t\t<\/div>\n\t\t<\/div>\n\t\t\t\t<div class=\"elementor-column elementor-col-33 elementor-top-column elementor-element elementor-element-23a5aa48\" data-id=\"23a5aa48\" data-element_type=\"column\" data-e-type=\"column\">\n\t\t\t<div class=\"elementor-widget-wrap elementor-element-populated\">\n\t\t\t\t\t\t<div class=\"elementor-element elementor-element-50b6c93e elementor-widget elementor-widget-elementskit-heading\" data-id=\"50b6c93e\" data-element_type=\"widget\" data-e-type=\"widget\" data-widget_type=\"elementskit-heading.default\">\n\t\t\t\t<div class=\"elementor-widget-container\">\n\t\t\t\t\t<div class=\"ekit-wid-con\" ><div class=\"ekit-heading elementskit-section-title-wraper text_center   ekit_heading_tablet-   ekit_heading_mobile-\"><h2 class=\"ekit-heading--title elementskit-section-title \">Informes<\/h2><div class=\"ekit_heading_separetor_wraper ekit_heading_ekit_border_custom\"><div class=\"ekit_border_custom\"><img decoding=\"async\" width=\"134\" height=\"16\" src=\"https:\/\/iestpatalaya.edu.pe\/wp-content\/uploads\/2024\/05\/custom-seperator.png\" class=\"attachment-large size-large wp-image-1759\" alt=\"\" \/><\/div><\/div>\t\t\t\t<div class='ekit-heading__description'>\n\t\t\t\t\t<p>Instituto de Educaci\u00f3n Superior Tecnol\u00f3gico P\u00fablico Atalaya<\/p>\n\t\t\t\t<\/div>\n\t\t\t<\/div><\/div>\t\t\t\t<\/div>\n\t\t\t\t<\/div>\n\t\t\t\t\t<\/div>\n\t\t<\/div>\n\t\t\t\t<div class=\"elementor-column elementor-col-33 elementor-top-column elementor-element elementor-element-1ff19c40\" data-id=\"1ff19c40\" data-element_type=\"column\" data-e-type=\"column\">\n\t\t\t<div class=\"elementor-widget-wrap\">\n\t\t\t\t\t\t\t<\/div>\n\t\t<\/div>\n\t\t\t\t\t<\/div>\n\t\t<\/section>\n\t\t\t\t<section class=\"elementor-section elementor-top-section elementor-element elementor-element-2633ac23 elementor-hidden-phone elementor-section-boxed elementor-section-height-default elementor-section-height-default\" data-id=\"2633ac23\" data-element_type=\"section\" data-e-type=\"section\">\n\t\t\t\t\t\t<div class=\"elementor-container elementor-column-gap-default\">\n\t\t\t\t\t<div class=\"elementor-column elementor-col-100 elementor-top-column elementor-element elementor-element-7b1d2063\" data-id=\"7b1d2063\" data-element_type=\"column\" data-e-type=\"column\">\n\t\t\t<div class=\"elementor-widget-wrap elementor-element-populated\">\n\t\t\t\t\t\t<section class=\"elementor-section elementor-inner-section elementor-element elementor-element-7da13a3c elementor-section-boxed elementor-section-height-default elementor-section-height-default elementor-invisible\" data-id=\"7da13a3c\" data-element_type=\"section\" data-e-type=\"section\" data-settings=\"{&quot;animation&quot;:&quot;fadeInUp&quot;}\">\n\t\t\t\t\t\t<div class=\"elementor-container elementor-column-gap-default\">\n\t\t\t\t\t<div class=\"elementor-column elementor-col-33 elementor-inner-column elementor-element elementor-element-1baa4443\" data-id=\"1baa4443\" data-element_type=\"column\" data-e-type=\"column\">\n\t\t\t<div class=\"elementor-widget-wrap elementor-element-populated\">\n\t\t\t\t\t\t<div class=\"elementor-element elementor-element-7726c96e ekit-equal-height-disable elementor-widget elementor-widget-elementskit-icon-box\" data-id=\"7726c96e\" data-element_type=\"widget\" data-e-type=\"widget\" data-widget_type=\"elementskit-icon-box.default\">\n\t\t\t\t<div class=\"elementor-widget-container\">\n\t\t\t\t\t<div class=\"ekit-wid-con\" >        <!-- link opening -->\n                <a href=\"#\" class=\"ekit_global_links\">\n                <!-- end link opening -->\n\n        <div class=\"elementskit-infobox text-center text- icon-top-align elementor-animation-  gradient-active image-active hover_from_bottom\">\n                    <div class=\"elementskit-box-header elementor-animation-\">\n                <div class=\"elementskit-info-box-icon  \">\n                    <i aria-hidden=\"true\" class=\"elementkit-infobox-icon icon icon-clock11\"><\/i>\n                <\/div>\n          <\/div>\n                        <div class=\"box-body\">\n                            <h3 class=\"elementskit-info-box-title\">\n                    Horario de Atenci\u00f3n                <\/h3>\n                        \t\t  \t<p>Turno ma\u00f1ana: 8:00 am - 2:00 pm                                          \nTurno tarde: 5:30 pm - 10:00 pm<\/p>\n                                <\/div>\n        \n                    <figure class=\"image-hover\"><img decoding=\"async\" width=\"167\" height=\"167\" src=\"https:\/\/iestpatalaya.edu.pe\/wp-content\/uploads\/2024\/05\/dots.png\" class=\"attachment- size-\" alt=\"\" srcset=\"https:\/\/iestpatalaya.edu.pe\/wp-content\/uploads\/2024\/05\/dots.png 167w, https:\/\/iestpatalaya.edu.pe\/wp-content\/uploads\/2024\/05\/dots-150x150.png 150w\" sizes=\"(max-width: 167px) 100vw, 167px\" \/><\/figure>        \n                <\/div>\n                <\/a>\n        <\/div>\t\t\t\t<\/div>\n\t\t\t\t<\/div>\n\t\t\t\t\t<\/div>\n\t\t<\/div>\n\t\t\t\t<div class=\"elementor-column elementor-col-33 elementor-inner-column elementor-element elementor-element-37fd6100\" data-id=\"37fd6100\" data-element_type=\"column\" data-e-type=\"column\">\n\t\t\t<div class=\"elementor-widget-wrap elementor-element-populated\">\n\t\t\t\t\t\t<div class=\"elementor-element elementor-element-a52df26 ekit-equal-height-disable elementor-widget elementor-widget-elementskit-icon-box\" data-id=\"a52df26\" data-element_type=\"widget\" data-e-type=\"widget\" data-widget_type=\"elementskit-icon-box.default\">\n\t\t\t\t<div class=\"elementor-widget-container\">\n\t\t\t\t\t<div class=\"ekit-wid-con\" >        <!-- link opening -->\n                <a href=\"#\" class=\"ekit_global_links\">\n                <!-- end link opening -->\n\n        <div class=\"elementskit-infobox text-center text- icon-top-align elementor-animation-  gradient-active image-active hover_from_bottom\">\n                    <div class=\"elementskit-box-header elementor-animation-\">\n                <div class=\"elementskit-info-box-icon  \">\n                    <i aria-hidden=\"true\" class=\"elementkit-infobox-icon icon icon-smartphone1\"><\/i>\n                <\/div>\n          <\/div>\n                        <div class=\"box-body\">\n                            <h3 class=\"elementskit-info-box-title\">\n                    Celular de Contacto                <\/h3>\n                        \t\t  \t<p>947928799<\/p>\n                                <\/div>\n        \n                    <figure class=\"image-hover\"><img decoding=\"async\" width=\"167\" height=\"167\" src=\"https:\/\/iestpatalaya.edu.pe\/wp-content\/uploads\/2024\/05\/dots.png\" class=\"attachment- size-\" alt=\"\" srcset=\"https:\/\/iestpatalaya.edu.pe\/wp-content\/uploads\/2024\/05\/dots.png 167w, https:\/\/iestpatalaya.edu.pe\/wp-content\/uploads\/2024\/05\/dots-150x150.png 150w\" sizes=\"(max-width: 167px) 100vw, 167px\" \/><\/figure>        \n                <\/div>\n                <\/a>\n        <\/div>\t\t\t\t<\/div>\n\t\t\t\t<\/div>\n\t\t\t\t\t<\/div>\n\t\t<\/div>\n\t\t\t\t<div class=\"elementor-column elementor-col-33 elementor-inner-column elementor-element elementor-element-1793e284\" data-id=\"1793e284\" data-element_type=\"column\" data-e-type=\"column\">\n\t\t\t<div class=\"elementor-widget-wrap elementor-element-populated\">\n\t\t\t\t\t\t<div class=\"elementor-element elementor-element-5a3e6aa6 ekit-equal-height-disable elementor-widget elementor-widget-elementskit-icon-box\" data-id=\"5a3e6aa6\" data-element_type=\"widget\" data-e-type=\"widget\" data-widget_type=\"elementskit-icon-box.default\">\n\t\t\t\t<div class=\"elementor-widget-container\">\n\t\t\t\t\t<div class=\"ekit-wid-con\" >        <!-- link opening -->\n                <a href=\"#\" class=\"ekit_global_links\">\n                <!-- end link opening -->\n\n        <div class=\"elementskit-infobox text-center text- icon-top-align elementor-animation-  gradient-active image-active hover_from_bottom\">\n                    <div class=\"elementskit-box-header elementor-animation-\">\n                <div class=\"elementskit-info-box-icon  \">\n                    <i aria-hidden=\"true\" class=\"elementkit-infobox-icon icon icon-email\"><\/i>\n                <\/div>\n          <\/div>\n                        <div class=\"box-body\">\n                            <h3 class=\"elementskit-info-box-title\">\n                    Email de Contacto                <\/h3>\n                        \t\t  \t<p>tecatalaya@hotmail.com\njriojat50@gmail.com<\/p>\n                                <\/div>\n        \n                    <figure class=\"image-hover\"><img decoding=\"async\" width=\"167\" height=\"167\" src=\"https:\/\/iestpatalaya.edu.pe\/wp-content\/uploads\/2024\/05\/dots.png\" class=\"attachment- size-\" alt=\"\" srcset=\"https:\/\/iestpatalaya.edu.pe\/wp-content\/uploads\/2024\/05\/dots.png 167w, https:\/\/iestpatalaya.edu.pe\/wp-content\/uploads\/2024\/05\/dots-150x150.png 150w\" sizes=\"(max-width: 167px) 100vw, 167px\" \/><\/figure>        \n                <\/div>\n                <\/a>\n        <\/div>\t\t\t\t<\/div>\n\t\t\t\t<\/div>\n\t\t\t\t\t<\/div>\n\t\t<\/div>\n\t\t\t\t\t<\/div>\n\t\t<\/section>\n\t\t\t\t\t<\/div>\n\t\t<\/div>\n\t\t\t\t\t<\/div>\n\t\t<\/section>\n\t\t\t\t<\/div>\n\t\t","protected":false},"excerpt":{"rendered":"<p>Donaciones Instituto de Educaci\u00f3n Superior Tecnol\u00f3gico P\u00fablico Atalaya Es tu oportunidad de contribuir con la educaci\u00f3n superior de Atalaya Donaci\u00f3n Econ\u00f3mica CUENTA CORRIENTE N\u00b0: 00-513-000081 CCI N\u00b0: 018-513-000513000081-22 BANCO DE LA NACI\u00d3N Donaci\u00f3n Alimentaria CENTRO DE ACOPIO: I.E.S.T.P. ATALAYA JR. PASCUAL ALEGRE\/CAOBAS MZ 112 UCAYALI \u2013 ATALAYA \u2013 RAYMONDI Donaci\u00f3n de Bienes CENTRO DE ACOPIO: [&hellip;]<\/p>\n","protected":false},"author":1,"featured_media":0,"parent":569,"menu_order":0,"comment_status":"closed","ping_status":"closed","template":"elementor_header_footer","meta":{"_joinchat":[],"footnotes":""},"class_list":["post-1743","page","type-page","status-publish","hentry"],"_links":{"self":[{"href":"https:\/\/iestpatalaya.edu.pe\/index.php?rest_route=\/wp\/v2\/pages\/1743","targetHints":{"allow":["GET"]}}],"collection":[{"href":"https:\/\/iestpatalaya.edu.pe\/index.php?rest_route=\/wp\/v2\/pages"}],"about":[{"href":"https:\/\/iestpatalaya.edu.pe\/index.php?rest_route=\/wp\/v2\/types\/page"}],"author":[{"embeddable":true,"href":"https:\/\/iestpatalaya.edu.pe\/index.php?rest_route=\/wp\/v2\/users\/1"}],"replies":[{"embeddable":true,"href":"https:\/\/iestpatalaya.edu.pe\/index.php?rest_route=%2Fwp%2Fv2%2Fcomments&post=1743"}],"version-history":[{"count":28,"href":"https:\/\/iestpatalaya.edu.pe\/index.php?rest_route=\/wp\/v2\/pages\/1743\/revisions"}],"predecessor-version":[{"id":1810,"href":"https:\/\/iestpatalaya.edu.pe\/index.php?rest_route=\/wp\/v2\/pages\/1743\/revisions\/1810"}],"up":[{"embeddable":true,"href":"https:\/\/iestpatalaya.edu.pe\/index.php?rest_route=\/wp\/v2\/pages\/569"}],"wp:attachment":[{"href":"https:\/\/iestpatalaya.edu.pe\/index.php?rest_route=%2Fwp%2Fv2%2Fmedia&parent=1743"}],"curies":[{"name":"wp","href":"https:\/\/api.w.org\/{rel}","templated":true}]}}